{"id":946,"date":"2024-01-08T12:01:58","date_gmt":"2024-01-08T12:01:58","guid":{"rendered":"https:\/\/forexfury.bot\/?page_id=946"},"modified":"2025-04-30T10:21:05","modified_gmt":"2025-04-30T10:21:05","slug":"vrywaring","status":"publish","type":"page","link":"https:\/\/forexfury.bot\/af\/disclaimer\/","title":{"rendered":"Disclaimer"},"content":{"rendered":"<div data-elementor-type=\"wp-page\" data-elementor-id=\"946\" class=\"elementor elementor-946\" data-elementor-post-type=\"page\">\n\t\t\t\t<div class=\"elementor-element elementor-element-3a2b5b75 e-flex e-con-boxed e-con e-parent\" data-id=\"3a2b5b75\" data-element_type=\"container\" data-e-type=\"container\" data-settings=\"{&quot;background_background&quot;:&quot;classic&quot;}\">\n\t\t\t\t\t<div class=\"e-con-inner\">\n\t\t\t\t<div class=\"elementor-element elementor-element-16b1d198 elementor-widget__width-inherit elementor-widget elementor-widget-heading\" data-id=\"16b1d198\" data-element_type=\"widget\" data-e-type=\"widget\" data-widget_type=\"heading.default\">\n\t\t\t\t<div class=\"elementor-widget-container\">\n\t\t\t\t\t<h1 class=\"elementor-heading-title elementor-size-default\">Disclaimer<\/h1>\t\t\t\t<\/div>\n\t\t\t\t<\/div>\n\t\t\t\t<div class=\"elementor-element elementor-element-612d2ac1 elementor-icon-list--layout-inline elementor-align-start elementor-widget-mobile__width-initial elementor-list-item-link-full_width elementor-widget elementor-widget-icon-list\" data-id=\"612d2ac1\" data-element_type=\"widget\" data-e-type=\"widget\" data-widget_type=\"icon-list.default\">\n\t\t\t\t<div class=\"elementor-widget-container\">\n\t\t\t\t\t\t\t<ul class=\"elementor-icon-list-items elementor-inline-items\">\n\t\t\t\t\t\t\t<li class=\"elementor-icon-list-item elementor-inline-item\">\n\t\t\t\t\t\t\t\t\t\t\t<a href=\"https:\/\/forexfury.bot\/af\/\">\n\n\t\t\t\t\t\t\t\t\t\t\t<span class=\"elementor-icon-list-text\">Tuis<\/span>\n\t\t\t\t\t\t\t\t\t\t\t<\/a>\n\t\t\t\t\t\t\t\t\t<\/li>\n\t\t\t\t\t\t\t\t<li class=\"elementor-icon-list-item elementor-inline-item\">\n\t\t\t\t\t\t\t\t\t\t\t<span class=\"elementor-icon-list-icon\">\n\t\t\t\t\t\t\t<svg aria-hidden=\"true\" class=\"e-font-icon-svg e-fas-angle-right\" viewbox=\"0 0 256 512\" xmlns=\"http:\/\/www.w3.org\/2000\/svg\"><path d=\"M224.3 273l-136 136c-9.4 9.4-24.6 9.4-33.9 0l-22.6-22.6c-9.4-9.4-9.4-24.6 0-33.9l96.4-96.4-96.4-96.4c-9.4-9.4-9.4-24.6 0-33.9L54.3 103c9.4-9.4 24.6-9.4 33.9 0l136 136c9.5 9.4 9.5 24.6.1 34z\"><\/path><\/svg>\t\t\t\t\t\t<\/span>\n\t\t\t\t\t\t\t\t\t\t<span class=\"elementor-icon-list-text\">Disclaimer<\/span>\n\t\t\t\t\t\t\t\t\t<\/li>\n\t\t\t\t\t\t<\/ul>\n\t\t\t\t\t\t<\/div>\n\t\t\t\t<\/div>\n\t\t\t\t\t<\/div>\n\t\t\t\t<\/div>\n\t\t<div class=\"elementor-element elementor-element-1d1f549 e-flex e-con-boxed e-con e-parent\" data-id=\"1d1f549\" data-element_type=\"container\" data-e-type=\"container\" data-settings=\"{&quot;background_background&quot;:&quot;classic&quot;}\">\n\t\t\t\t\t<div class=\"e-con-inner\">\n\t\t\t\t<div class=\"elementor-element elementor-element-42a1021 elementor-widget elementor-widget-spacer\" data-id=\"42a1021\" data-element_type=\"widget\" data-e-type=\"widget\" data-widget_type=\"spacer.default\">\n\t\t\t\t<div class=\"elementor-widget-container\">\n\t\t\t\t\t\t\t<div class=\"elementor-spacer\">\n\t\t\t<div class=\"elementor-spacer-inner\"><\/div>\n\t\t<\/div>\n\t\t\t\t\t\t<\/div>\n\t\t\t\t<\/div>\n\t\t\t\t<div class=\"elementor-element elementor-element-4255997 elementor-widget elementor-widget-text-editor\" data-id=\"4255997\" data-element_type=\"widget\" data-e-type=\"widget\" data-widget_type=\"text-editor.default\">\n\t\t\t\t<div class=\"elementor-widget-container\">\n\t\t\t\t\t\t\t\t\t<p>Forex Fury is suiwer vir opvoedkundige doeleindes, nie finansi\u00eble dienste nie. Ons is nie aanspreeklik vir verliese as gevolg van staatmaak op die inligting op ons webwerf nie. Wees bewus van handelsrisiko's en bel\u00ea net wat jy kan bekostig om te verloor. <span style=\"color: #f59e09;\">Handel behels ho\u00eb risiko's<\/span> en is dalk nie geskik vir almal nie. Ons neem nie verantwoordelikheid vir enige verliese as gevolg van die gebruik van ons webwerf of webinars nie. Die data en kwotasies mag nie van uitruilings wees nie, wat lei tot verskille in pryse. Die voorbeelde wat verskaf word, is nie aanbevelings om enige finansi\u00eble instrumente te koop of te verkoop nie.<\/p><h4><strong>Forex-handelsrisiko's<\/strong><\/h4><p>Forex-handel bied geleenthede, maar is uitdagend. Prioritiseer noukeurige oorweging van jou doelwitte, ervaring en risikotoleransie. Moet nooit geld bel\u00ea as wat jy kan bekostig om te verloor nie.<\/p><p>Buitelandse valuta <span style=\"color: #f59e09;\">transaksies dra aansienlike risiko<\/span>. Valutatransaksies is aan verskeie risiko's blootgestel, insluitend potensi\u00eble impakte van veranderende politieke en ekonomiese toestande op valutapryse en likiditeit. Forex-beleggings kan skerp skommelinge ervaar. As gevolg van die hefboomwerking in Forex-handel, kan markbewegings gedeponeerde fondse aansienlik be\u00efnvloed, wat beide vir en teen jou werk. Beleggers kan minder ontvang as wat bel\u00ea is, en ho\u00ebrrisiko-strategie\u00eb kan tot totale beleggingsverlies lei. Dit word aanbeveel om slegs risikokapitaal te gebruik wanneer daar in sulke markte spekuleer word.<\/p><p>Hefboom stel handelaars in staat om groter posisies met 'n klein hoeveelheid geld te betree. Dit kan beide 'n voordeel en 'n risiko wees. Terwyl die Forex-mark ho\u00eb hefboomfinansiering toelaat, kan die gebruik daarvan oormatig verliese versterk. Wees versigtig wanneer jy hefboomfinansiering in handel of belegging gebruik.<span style=\"color: #f59e09;\"> Vrywaring: Hipotetiese resultate<\/span>.<\/p><p>Die resultate wat hier aangebied word, is gebaseer op gesimuleerde of hipotetiese prestasie, met inherente beperkings. Hulle weerspie\u00ebl nie werklike handel nie en mag nie rekening hou met sekere markfaktore soos likiditeitsimpak nie. Gesimuleerde of hipotetiese handelsprogramme word ontwerp met die voordeel van terugskouing. Daar is geen waarborg dat enige rekening soortgelyke winste of verliese sal behaal soos aangedui nie.<\/p><p>Inligting wat aangebied word, kan afkomstig wees van gesimuleerde handel met behulp van stelsels en onderwys wat deur Forex Fury ontwikkel is. Gesimuleerde resultate weerspie\u00ebl nie werklike handel nie. Dit is belangrik om daarop te let dat hierdie resultate dalk of nie teruggetoets is vir akkuraatheid nie, en hipotetiese resultate neem nie spreidings\/kommissies in ag nie.<\/p><p>Geen versekering word gegee dat enige rekening winste of verliese soortgelyk aan di\u00e9 getoon sal behaal nie. Vorige prestasie waarborg nie toekomstige resultate nie. Individuele uitkomste verskil, en daar is geen waarborg dat kli\u00ebnte winste of verliese sal ervaar soortgelyk aan di\u00e9 wat vertoon word nie.<\/p><h4><strong>Skakels na derdeparty-webwerwe<\/strong><\/h4><p>Ons verskaf skakels na derdeparty-webwerwe vir gerief. Hierdie werwe kan verskillende privaatheid-, sekuriteit- of toeganklikheidstandaarde h\u00ea. Forex Fury onderskryf of waarborg nie derdeparty-aanbiedinge nie en is nie verantwoordelik vir hul sekuriteit, inhoud of beskikbaarheid nie, insluitend di\u00e9 van hul vennote of adverteerders.<\/p><h4><strong>Forex-vrywaring<\/strong><\/h4><p>Oorweeg voordat u die Forex-mark betree <span style=\"color: #f59e09;\">jou beleggingsdoelwitte, ervaring en risikotoleransie<\/span>. Moet nooit meer bel\u00ea as wat jy kan bekostig om te verloor nie.<\/p><p>Buite-beurs forex transaksies behels aansienlike risiko, insluitend hefboomfinansiering, kredietwaardigheid, beperkte regulatoriese beskerming, en markonbestendigheid wat geldeenheidpryse be\u00efnvloed. Die hefboomaard beteken dat markbewegings gedeponeerde fondse proporsioneel be\u00efnvloed, wat moontlik tot totale verlies kan lei. Versuim om aan margevereistes te voldoen, kan tot likwidasie lei, en jy sal verantwoordelik wees vir gevolglike verliese.<\/p><p>Die gebruik van 'n internet-gebaseerde handelstelsel kom met risiko's, soos hardeware, sagteware en internetverbindingsfoute. Inligting op hierdie webwerf, insluitend menings, nuus en ontledings, is algemene markkommentaar en nie beleggingsadvies nie. Forex Fury is nie verantwoordelik vir enige verlies of skade, insluitend verlies aan wins, wat voortspruit uit die gebruik of vertroue op hierdie inligting nie. Terwyl pogings aangewend word om akkuraatheid te verseker, kan die inhoud sonder kennisgewing verander.<\/p><p>Alhoewel ons streef na akkuraatheid op hierdie webwerf, is Forex Fury nie aanspreeklik vir foute of weglatings nie. Ons moedig lesers aan om hul eie kontroles uit te voer en onafhanklike finansi\u00eble advies in te win voordat hulle by enige transaksies betrokke raak.<\/p><p>As jy vrae of bekommernisse het oor ons vrywaring, asseblief <a href=\"https:\/\/forexfury.bot\/af\/kontak-ons\/\">kontak ons<\/a>.<\/p>\t\t\t\t\t\t\t\t<\/div>\n\t\t\t\t<\/div>\n\t\t\t\t<div class=\"elementor-element elementor-element-212c24f elementor-widget elementor-widget-spacer\" data-id=\"212c24f\" data-element_type=\"widget\" data-e-type=\"widget\" data-widget_type=\"spacer.default\">\n\t\t\t\t<div class=\"elementor-widget-container\">\n\t\t\t\t\t\t\t<div class=\"elementor-spacer\">\n\t\t\t<div class=\"elementor-spacer-inner\"><\/div>\n\t\t<\/div>\n\t\t\t\t\t\t<\/div>\n\t\t\t\t<\/div>\n\t\t\t\t\t<\/div>\n\t\t\t\t<\/div>\n\t\t\t\t<\/div>","protected":false},"excerpt":{"rendered":"<p>Disclaimer Home Disclaimer Forex Fury is purely for educational purposes, not financial services. We&#8217;re not liable for losses due to relying on the information on our site. Be aware of trading risks and only invest what you can afford to lose. Trading involves high risks and may not be suitable for everyone. We don&#8217;t take [&hellip;]<\/p>\n","protected":false},"author":1,"featured_media":0,"parent":0,"menu_order":0,"comment_status":"closed","ping_status":"closed","template":"","meta":{"footnotes":""},"class_list":["post-946","page","type-page","status-publish","hentry"],"_links":{"self":[{"href":"https:\/\/forexfury.bot\/af\/wp-json\/wp\/v2\/pages\/946","targetHints":{"allow":["GET"]}}],"collection":[{"href":"https:\/\/forexfury.bot\/af\/wp-json\/wp\/v2\/pages"}],"about":[{"href":"https:\/\/forexfury.bot\/af\/wp-json\/wp\/v2\/types\/page"}],"author":[{"embeddable":true,"href":"https:\/\/forexfury.bot\/af\/wp-json\/wp\/v2\/users\/1"}],"replies":[{"embeddable":true,"href":"https:\/\/forexfury.bot\/af\/wp-json\/wp\/v2\/comments?post=946"}],"version-history":[{"count":85,"href":"https:\/\/forexfury.bot\/af\/wp-json\/wp\/v2\/pages\/946\/revisions"}],"predecessor-version":[{"id":4418,"href":"https:\/\/forexfury.bot\/af\/wp-json\/wp\/v2\/pages\/946\/revisions\/4418"}],"wp:attachment":[{"href":"https:\/\/forexfury.bot\/af\/wp-json\/wp\/v2\/media?parent=946"}],"curies":[{"name":"wp","href":"https:\/\/api.w.org\/{rel}","templated":true}]}}